{"id":303,"date":"2020-03-27T14:06:54","date_gmt":"2020-03-27T14:06:54","guid":{"rendered":"http:\/\/localhost\/projects\/Neve-music-band\/?page_id=303"},"modified":"2026-01-08T15:22:34","modified_gmt":"2026-01-08T15:22:34","slug":"b56e6-discography","status":"publish","type":"page","link":"https:\/\/turkulerindili.org\/?page_id=303","title":{"rendered":"ETK\u0130NL\u0130K"},"content":{"rendered":"\n<div id=\"wp-block-themeisle-blocks-advanced-columns-82b92ef3\" class=\"wp-block-themeisle-blocks-advanced-columns alignfull has-1-columns has-desktop-equal-layout has-tablet-equal-layout has-mobile-equal-layout has-vertical-center has-dark-bg\"><div class=\"wp-block-themeisle-blocks-advanced-columns-overlay\"><\/div><div class=\"innerblocks-wrap\">\n<div id=\"wp-block-themeisle-blocks-advanced-column-d2c78966\" class=\"wp-block-themeisle-blocks-advanced-column\">\n<h1 id=\"wp-block-themeisle-blocks-advanced-heading-01a12365\" class=\"wp-block-themeisle-blocks-advanced-heading wp-block-themeisle-blocks-advanced-heading-01a12365\"> \u00e7ok yak\u0131nda<\/h1>\n<\/div>\n<\/div><\/div>\n\n\n\n<div id=\"wp-block-themeisle-blocks-advanced-columns-6e790ec5\" class=\"wp-block-themeisle-blocks-advanced-columns alignfull has-1-columns has-desktop-equal-layout has-tablet-equal-layout has-mobile-equal-layout has-vertical-unset\"><div class=\"wp-block-themeisle-blocks-advanced-columns-overlay\"><\/div><div class=\"innerblocks-wrap\">\n<div id=\"wp-block-themeisle-blocks-advanced-column-d6e549a4\" class=\"wp-block-themeisle-blocks-advanced-column\">\n<p class=\"has-text-align-center\">T\u00fcrkiye&#8217;nin en de\u011ferli t\u00fcrk\u00fcc\u00fcleri, \u00f6zg\u00fcn m\u00fczik sanat\u00e7\u0131lar\u0131 etkinliklerimizle sizlerle bulu\u015facak. Hangi sanat\u00e7\u0131lar\u0131 yak\u0131ndan g\u00f6rmek ve dinlemek isterdin. Bizimle payla\u015fabilirsin!<\/p>\n\n\n\n<p class=\"has-text-align-center\">turkulerindili@gmail.com<br><\/p>\n<\/div>\n<\/div><\/div>\n\n\n\n<div id=\"wp-block-themeisle-blocks-advanced-columns-f7abb3d7\" class=\"wp-block-themeisle-blocks-advanced-columns alignfull has-4-columns has-desktop-equal-layout has-tablet-equal-layout has-mobile-twoColumnGrid-layout has-vertical-unset has-light-bg\"><div class=\"wp-block-themeisle-blocks-advanced-columns-overlay\"><\/div><div class=\"innerblocks-wrap\">\n<div id=\"wp-block-themeisle-blocks-advanced-column-77d161b2\" class=\"wp-block-themeisle-blocks-advanced-column\">\n<div id=\"wp-block-themeisle-blocks-button-group-27ef6ad7\" class=\"wp-block-themeisle-blocks-button-group wp-block-buttons align-center\">\n<div id=\"wp-block-themeisle-blocks-button-664f0b2d\" class=\"wp-block-themeisle-blocks-button wp-block-button\"><a href=\"#\" target=\"_self\" rel=\"noopener noreferrer\" class=\"wp-block-button__link\"><i class=\"fab fa-fw fa-spotify\"><\/i><\/a><\/div>\n<\/div>\n\n\n\n<h4 id=\"wp-block-themeisle-blocks-advanced-heading-1a7461f5\" class=\"wp-block-themeisle-blocks-advanced-heading wp-block-themeisle-blocks-advanced-heading-1a7461f5\"> SPOTIFY <\/h4>\n<\/div>\n\n\n\n<div id=\"wp-block-themeisle-blocks-advanced-column-0b12bbd6\" class=\"wp-block-themeisle-blocks-advanced-column\">\n<div id=\"wp-block-themeisle-blocks-button-group-c103f41a\" class=\"wp-block-themeisle-blocks-button-group wp-block-buttons align-center\">\n<div id=\"wp-block-themeisle-blocks-button-e8b02e03\" class=\"wp-block-themeisle-blocks-button wp-block-button\"><a href=\"#\" target=\"_self\" rel=\"noopener noreferrer\" class=\"wp-block-button__link\"><i class=\"fab fa-fw fa-bandcamp\"><\/i><\/a><\/div>\n<\/div>\n\n\n\n<h4 id=\"wp-block-themeisle-blocks-advanced-heading-5cdb8928\" class=\"wp-block-themeisle-blocks-advanced-heading wp-block-themeisle-blocks-advanced-heading-5cdb8928\"> BANDCAMP<\/h4>\n<\/div>\n\n\n\n<div id=\"wp-block-themeisle-blocks-advanced-column-7255ee46\" class=\"wp-block-themeisle-blocks-advanced-column\">\n<div id=\"wp-block-themeisle-blocks-button-group-e47dd92c\" class=\"wp-block-themeisle-blocks-button-group wp-block-buttons align-center\">\n<div id=\"wp-block-themeisle-blocks-button-b2dc90c2\" class=\"wp-block-themeisle-blocks-button wp-block-button\"><a href=\"#\" target=\"_self\" rel=\"noopener noreferrer\" class=\"wp-block-button__link\"><i class=\"fab fa-fw fa-soundcloud\"><\/i><\/a><\/div>\n<\/div>\n\n\n\n<h4 id=\"wp-block-themeisle-blocks-advanced-heading-ab7c2118\" class=\"wp-block-themeisle-blocks-advanced-heading wp-block-themeisle-blocks-advanced-heading-ab7c2118\">SOUNDCLOUD<\/h4>\n<\/div>\n\n\n\n<div id=\"wp-block-themeisle-blocks-advanced-column-9cd9c625\" class=\"wp-block-themeisle-blocks-advanced-column\">\n<div id=\"wp-block-themeisle-blocks-button-group-68c2682d\" class=\"wp-block-themeisle-blocks-button-group wp-block-buttons align-center\">\n<div id=\"wp-block-themeisle-blocks-button-44627758\" class=\"wp-block-themeisle-blocks-button wp-block-button\"><a href=\"#\" target=\"_self\" rel=\"noopener noreferrer\" class=\"wp-block-button__link\"><i class=\"fab fa-fw fa-youtube\"><\/i><\/a><\/div>\n<\/div>\n\n\n\n<h4 id=\"wp-block-themeisle-blocks-advanced-heading-99e516c7\" class=\"wp-block-themeisle-blocks-advanced-heading wp-block-themeisle-blocks-advanced-heading-99e516c7\">YOUTUBE MUSIC<\/h4>\n<\/div>\n<\/div><\/div>\n","protected":false},"excerpt":{"rendered":"","protected":false},"author":1,"featured_media":0,"parent":0,"menu_order":0,"comment_status":"closed","ping_status":"closed","template":"page-templates\/template-pagebuilder-full-width.php","meta":{"neve_meta_sidebar":"full-width","neve_meta_container":"contained","neve_meta_enable_content_width":"on","neve_meta_content_width":100,"neve_meta_title_alignment":"","neve_meta_author_avatar":"","neve_post_elements_order":"","neve_meta_disable_header":"","neve_meta_disable_footer":"","neve_meta_disable_title":"","_themeisle_gutenberg_block_has_review":false,"footnotes":""},"class_list":["post-303","page","type-page","status-publish","hentry"],"_links":{"self":[{"href":"https:\/\/turkulerindili.org\/index.php?rest_route=\/wp\/v2\/pages\/303","targetHints":{"allow":["GET"]}}],"collection":[{"href":"https:\/\/turkulerindili.org\/index.php?rest_route=\/wp\/v2\/pages"}],"about":[{"href":"https:\/\/turkulerindili.org\/index.php?rest_route=\/wp\/v2\/types\/page"}],"author":[{"embeddable":true,"href":"https:\/\/turkulerindili.org\/index.php?rest_route=\/wp\/v2\/users\/1"}],"replies":[{"embeddable":true,"href":"https:\/\/turkulerindili.org\/index.php?rest_route=%2Fwp%2Fv2%2Fcomments&post=303"}],"version-history":[{"count":2,"href":"https:\/\/turkulerindili.org\/index.php?rest_route=\/wp\/v2\/pages\/303\/revisions"}],"predecessor-version":[{"id":449,"href":"https:\/\/turkulerindili.org\/index.php?rest_route=\/wp\/v2\/pages\/303\/revisions\/449"}],"wp:attachment":[{"href":"https:\/\/turkulerindili.org\/index.php?rest_route=%2Fwp%2Fv2%2Fmedia&parent=303"}],"curies":[{"name":"wp","href":"https:\/\/api.w.org\/{rel}","templated":true}]}}