{"id":51,"date":"2020-03-27T09:03:05","date_gmt":"2020-03-27T09:03:05","guid":{"rendered":"http:\/\/localhost\/projects\/Neve-music-band\/?page_id=51"},"modified":"2026-01-08T15:24:12","modified_gmt":"2026-01-08T15:24:12","slug":"b56e6-home","status":"publish","type":"page","link":"https:\/\/turkulerindili.org\/","title":{"rendered":"Home"},"content":{"rendered":"\n<div id=\"wp-block-themeisle-blocks-advanced-columns-140745f7\" class=\"wp-block-themeisle-blocks-advanced-columns alignfull has-2-columns has-desktop-equal-layout has-tablet-equal-layout has-mobile-collapsedRows-layout has-vertical-unset\"><div class=\"wp-block-themeisle-blocks-advanced-columns-overlay\"><\/div><div class=\"innerblocks-wrap\">\n<div id=\"wp-block-themeisle-blocks-advanced-column-de46115f\" class=\"wp-block-themeisle-blocks-advanced-column has-dark-bg\">\n<span id=\"wp-block-themeisle-blocks-advanced-heading-7faf37d6\" class=\"wp-block-themeisle-blocks-advanced-heading wp-block-themeisle-blocks-advanced-heading-7faf37d6\">ANADOLU EZG\u0130LER\u0130<\/span>\n\n\n\n<h1 id=\"wp-block-themeisle-blocks-advanced-heading-f537e6a0\" class=\"wp-block-themeisle-blocks-advanced-heading wp-block-themeisle-blocks-advanced-heading-f537e6a0\">T\u00dcRK\u00dcLER\u0130N D\u0130L\u0130<\/h1>\n\n\n\n<p class=\"has-nv-text-dark-bg-color has-text-color\">Topra\u011f\u0131n haf\u0131zas\u0131nda sakl\u0131 kalan ezgileri, ustalar\u0131n telinden ve s\u00f6z\u00fcnden bug\u00fcne ta\u015f\u0131yoruz.<br>Anadolu\u2019nun y\u00fcre\u011finden kopup gelen t\u00fcrk\u00fcleri; ba\u011flaman\u0131n dili, insan\u0131n hik\u00e2yesiyle halkla bulu\u015fturuyoruz.<br>Her ezgide bir yol, her s\u00f6zde bir hayat var.<br>Unutulmas\u0131n diye, ya\u015fat\u0131ls\u0131n diye\u2026<br>T\u00fcrk\u00fclerin diliyle yeniden bir araya geliyoruz.<\/p>\n\n\n\n<p class=\"has-nv-text-dark-bg-color has-text-color\"><\/p>\n\n\n\n<p class=\"has-nv-text-dark-bg-color has-text-color\">.<\/p>\n\n\n\n<div style=\"height:20px\" aria-hidden=\"true\" class=\"wp-block-spacer\"><\/div>\n\n\n\n<div id=\"wp-block-themeisle-blocks-button-group-a45bf444\" class=\"wp-block-themeisle-blocks-button-group wp-block-buttons\">\n<div id=\"wp-block-themeisle-blocks-button-c3171dd8\" class=\"wp-block-themeisle-blocks-button wp-block-button\"><a href=\"https:\/\/turkulerindili.org\/album\/\" target=\"_self\" rel=\"noopener noreferrer\" class=\"wp-block-button__link\"><span> Etkinlik Takvimi <\/span><\/a><\/div>\n<\/div>\n<\/div>\n\n\n\n<div id=\"wp-block-themeisle-blocks-advanced-column-acbce8a8\" class=\"wp-block-themeisle-blocks-advanced-column\"><\/div>\n<\/div><\/div>\n\n\n\n<div id=\"wp-block-themeisle-blocks-advanced-columns-d7fababe\" class=\"wp-block-themeisle-blocks-advanced-columns alignfull has-1-columns has-desktop-equal-layout has-tablet-equal-layout has-mobile-equal-layout has-vertical-center\"><div class=\"wp-block-themeisle-blocks-advanced-columns-overlay\"><\/div><div class=\"innerblocks-wrap\">\n<div id=\"wp-block-themeisle-blocks-advanced-column-21fd6746\" class=\"wp-block-themeisle-blocks-advanced-column\">\n<div id=\"wp-block-themeisle-blocks-button-group-ccf354df\" class=\"wp-block-themeisle-blocks-button-group collapse-mobile wp-block-buttons align-center\">\n<div id=\"wp-block-themeisle-blocks-button-4bfd4412\" class=\"wp-block-themeisle-blocks-button wp-block-button\"><a href=\"#\" target=\"_self\" rel=\"noopener noreferrer\" class=\"wp-block-button__link\"><i class=\"fab fa-fw fa-spotify margin-right\"><\/i><span>SPOTIFY<\/span><\/a><\/div>\n\n\n\n<div id=\"wp-block-themeisle-blocks-button-484730e7\" class=\"wp-block-themeisle-blocks-button wp-block-button\"><a href=\"#\" target=\"_self\" rel=\"noopener noreferrer\" class=\"wp-block-button__link\"><i class=\"fab fa-fw fa-bandcamp margin-right\"><\/i><span>BANDCAMP<\/span><\/a><\/div>\n\n\n\n<div id=\"wp-block-themeisle-blocks-button-2d6bb71b\" class=\"wp-block-themeisle-blocks-button wp-block-button\"><a href=\"#\" target=\"_self\" rel=\"noopener noreferrer\" class=\"wp-block-button__link\"><i class=\"fab fa-fw fa-soundcloud margin-right\"><\/i><span>SOUNDCLOUD<\/span><\/a><\/div>\n\n\n\n<div id=\"wp-block-themeisle-blocks-button-8a7abc88\" class=\"wp-block-themeisle-blocks-button wp-block-button\"><a href=\"#\" target=\"_self\" rel=\"noopener noreferrer\" class=\"wp-block-button__link\"><i class=\"fab fa-fw fa-youtube margin-right\"><\/i><span>YOUTUBE MUSIC<\/span><\/a><\/div>\n<\/div>\n<\/div>\n<\/div><\/div>\n\n\n\n<div id=\"wp-block-themeisle-blocks-advanced-columns-4d0adf82\" class=\"wp-block-themeisle-blocks-advanced-columns alignfull has-1-columns has-desktop-equal-layout has-tablet-equal-layout has-mobile-equal-layout has-vertical-unset\"><div class=\"wp-block-themeisle-blocks-advanced-columns-overlay\"><\/div><div class=\"innerblocks-wrap\">\n<div id=\"wp-block-themeisle-blocks-advanced-column-09fff674\" class=\"wp-block-themeisle-blocks-advanced-column\">\n<span id=\"wp-block-themeisle-blocks-advanced-heading-c374a328\" class=\"wp-block-themeisle-blocks-advanced-heading wp-block-themeisle-blocks-advanced-heading-c374a328\"><strong> ETK\u0130NL\u0130KLERDE BULU\u015eALIM<\/strong><\/span>\n\n\n\n<h2 id=\"wp-block-themeisle-blocks-advanced-heading-bc6c8e6a\" class=\"wp-block-themeisle-blocks-advanced-heading wp-block-themeisle-blocks-advanced-heading-bc6c8e6a\"> sanat\u00e7\u0131lar\u0131m\u0131z<\/h2>\n<\/div>\n<\/div><\/div>\n\n\n\n<div id=\"wp-block-themeisle-blocks-advanced-columns-171167ad\" class=\"wp-block-themeisle-blocks-advanced-columns alignfull has-4-columns has-desktop-equal-layout has-tablet-equal-layout has-mobile-collapsedRows-layout has-vertical-unset\"><div class=\"wp-block-themeisle-blocks-advanced-columns-overlay\"><\/div><div class=\"innerblocks-wrap\">\n<div id=\"wp-block-themeisle-blocks-advanced-column-80956c37\" class=\"wp-block-themeisle-blocks-advanced-column\"><div class=\"wp-block-image\">\n<figure class=\"aligncenter size-full\"><img loading=\"lazy\" decoding=\"async\" width=\"260\" height=\"350\" src=\"https:\/\/turkulerindili.org\/wp-content\/uploads\/2026\/01\/sol1.aliekbereren.png\" alt=\"\" class=\"wp-image-423\" srcset=\"https:\/\/turkulerindili.org\/wp-content\/uploads\/2026\/01\/sol1.aliekbereren.png 260w, https:\/\/turkulerindili.org\/wp-content\/uploads\/2026\/01\/sol1.aliekbereren-223x300.png 223w\" sizes=\"(max-width: 260px) 100vw, 260px\" \/><\/figure>\n<\/div>\n\n\n<div style=\"height:16px\" aria-hidden=\"true\" class=\"wp-block-spacer\"><\/div>\n\n\n\n<h3 id=\"wp-block-themeisle-blocks-advanced-heading-50df3a4d\" class=\"wp-block-themeisle-blocks-advanced-heading wp-block-themeisle-blocks-advanced-heading-50df3a4d\">AL\u0130 EKBER EREN <\/h3>\n\n\n\n<p class=\"has-text-align-center has-neve-text-color-color has-text-color has-small-font-size\">Ozan<\/p>\n<\/div>\n\n\n\n<div id=\"wp-block-themeisle-blocks-advanced-column-1d6710f9\" class=\"wp-block-themeisle-blocks-advanced-column\"><div class=\"wp-block-image\">\n<figure class=\"aligncenter size-full\"><img loading=\"lazy\" decoding=\"async\" width=\"260\" height=\"350\" src=\"https:\/\/turkulerindili.org\/wp-content\/uploads\/2026\/01\/sol2.emelhalis.png\" alt=\"\" class=\"wp-image-424\" srcset=\"https:\/\/turkulerindili.org\/wp-content\/uploads\/2026\/01\/sol2.emelhalis.png 260w, https:\/\/turkulerindili.org\/wp-content\/uploads\/2026\/01\/sol2.emelhalis-223x300.png 223w\" sizes=\"(max-width: 260px) 100vw, 260px\" \/><\/figure>\n<\/div>\n\n\n<div style=\"height:16px\" aria-hidden=\"true\" class=\"wp-block-spacer\"><\/div>\n\n\n\n<h3 id=\"wp-block-themeisle-blocks-advanced-heading-a68caf95\" class=\"wp-block-themeisle-blocks-advanced-heading wp-block-themeisle-blocks-advanced-heading-a68caf95\">emel halis<\/h3>\n\n\n\n<p class=\"has-text-align-center has-neve-text-color-color has-text-color has-small-font-size\">Solist &#8211; Yorumcu<\/p>\n<\/div>\n\n\n\n<div id=\"wp-block-themeisle-blocks-advanced-column-985b6b4a\" class=\"wp-block-themeisle-blocks-advanced-column\"><div class=\"wp-block-image\">\n<figure class=\"aligncenter size-full\"><img loading=\"lazy\" decoding=\"async\" width=\"260\" height=\"350\" src=\"https:\/\/turkulerindili.org\/wp-content\/uploads\/2026\/01\/sol3.ismailhakkidemircioglu.png\" alt=\"\" class=\"wp-image-434\" srcset=\"https:\/\/turkulerindili.org\/wp-content\/uploads\/2026\/01\/sol3.ismailhakkidemircioglu.png 260w, https:\/\/turkulerindili.org\/wp-content\/uploads\/2026\/01\/sol3.ismailhakkidemircioglu-223x300.png 223w\" sizes=\"(max-width: 260px) 100vw, 260px\" \/><\/figure>\n<\/div>\n\n\n<div style=\"height:16px\" aria-hidden=\"true\" class=\"wp-block-spacer\"><\/div>\n\n\n\n<h3 id=\"wp-block-themeisle-blocks-advanced-heading-13b21b64\" class=\"wp-block-themeisle-blocks-advanced-heading wp-block-themeisle-blocks-advanced-heading-13b21b64\">ismail hakk\u0131 demircio\u011flu<\/h3>\n\n\n\n<p class=\"has-text-align-center has-neve-text-color-color has-text-color has-small-font-size\">T\u00fcrk Halk M\u00fczi\u011fi Sanat\u00e7\u0131s\u0131<\/p>\n<\/div>\n\n\n\n<div id=\"wp-block-themeisle-blocks-advanced-column-22500a6a\" class=\"wp-block-themeisle-blocks-advanced-column\"><div class=\"wp-block-image\">\n<figure class=\"aligncenter size-full\"><img loading=\"lazy\" decoding=\"async\" width=\"260\" height=\"350\" src=\"https:\/\/turkulerindili.org\/wp-content\/uploads\/2026\/01\/sol4.cengiz.ozkan_.png\" alt=\"\" class=\"wp-image-437\" srcset=\"https:\/\/turkulerindili.org\/wp-content\/uploads\/2026\/01\/sol4.cengiz.ozkan_.png 260w, https:\/\/turkulerindili.org\/wp-content\/uploads\/2026\/01\/sol4.cengiz.ozkan_-223x300.png 223w\" sizes=\"(max-width: 260px) 100vw, 260px\" \/><\/figure>\n<\/div>\n\n\n<div style=\"height:16px\" aria-hidden=\"true\" class=\"wp-block-spacer\"><\/div>\n\n\n\n<h3 id=\"wp-block-themeisle-blocks-advanced-heading-2df1c8b8\" class=\"wp-block-themeisle-blocks-advanced-heading wp-block-themeisle-blocks-advanced-heading-2df1c8b8\">cengiz \u00f6zkan <\/h3>\n\n\n\n<p class=\"has-text-align-center has-neve-text-color-color has-text-color has-small-font-size\">T\u00fcrk Halk M\u00fczi\u011fi Sanat\u00e7\u0131s\u0131<\/p>\n<\/div>\n<\/div><\/div>\n\n\n\n<div id=\"wp-block-themeisle-blocks-advanced-columns-d6f856a7\" class=\"wp-block-themeisle-blocks-advanced-columns alignfull has-1-columns has-desktop-equal-layout has-tablet-equal-layout has-mobile-equal-layout has-vertical-unset has-light-bg\"><div class=\"wp-block-themeisle-blocks-advanced-columns-overlay\"><\/div><div class=\"innerblocks-wrap\">\n<div id=\"wp-block-themeisle-blocks-advanced-column-ea8488c3\" class=\"wp-block-themeisle-blocks-advanced-column\">\n<span id=\"wp-block-themeisle-blocks-advanced-heading-61435a56\" class=\"wp-block-themeisle-blocks-advanced-heading wp-block-themeisle-blocks-advanced-heading-61435a56\"><strong> ETK\u0130NL\u0130K HAKKINDA<\/strong><\/span>\n\n\n\n<h2 id=\"wp-block-themeisle-blocks-advanced-heading-679e770c\" class=\"wp-block-themeisle-blocks-advanced-heading wp-block-themeisle-blocks-advanced-heading-679e770c\"> HANG\u0130 SANAT\u00c7ILARLA BULU\u015eMAK \u0130STERS\u0130N\u0130Z?<\/h2>\n<\/div>\n<\/div><\/div>\n\n\n\n<div id=\"wp-block-themeisle-blocks-advanced-columns-f2312b3c\" class=\"wp-block-themeisle-blocks-advanced-columns alignfull has-1-columns has-desktop-equal-layout has-tablet-equal-layout has-mobile-equal-layout has-vertical-unset has-light-bg\"><div class=\"wp-block-themeisle-blocks-advanced-columns-overlay\"><\/div><div class=\"innerblocks-wrap\">\n<div id=\"wp-block-themeisle-blocks-advanced-column-573f12cd\" class=\"wp-block-themeisle-blocks-advanced-column\"><div class=\"ticss-c3191df1 wp-block-themeisle-blocks-posts-grid\" id=\"wp-block-themeisle-blocks-posts-grid-12c96a0a\"><div class=\"is-grid o-posts-grid-columns-3\"><div class=\"o-posts-grid-post-blog o-posts-grid-post-plain\"><div class=\"o-posts-grid-post\"><div class=\"o-posts-grid-post-body is-full\"><h3 class=\"o-posts-grid-post-title\"><a href=\"https:\/\/turkulerindili.org\/?p=1\">Hello world!<\/a><\/h3><div class=\"o-posts-grid-post-description\"><p>Welcome to WordPress. This is your first post. Edit or delete it, then start writing!<\/p><\/div><\/div><\/div><\/div><div class=\"o-posts-grid-post-blog o-posts-grid-post-plain\"><div class=\"o-posts-grid-post\"><div class=\"o-posts-grid-post-image\"><a href=\"https:\/\/turkulerindili.org\/?p=21\"><img loading=\"lazy\" decoding=\"async\" width=\"600\" height=\"600\" src=\"https:\/\/turkulerindili.org\/wp-content\/uploads\/2019\/07\/neve-band-09.jpg\" class=\"attachment-full size-full\" alt=\"We are going to Machella Festival\" srcset=\"https:\/\/turkulerindili.org\/wp-content\/uploads\/2019\/07\/neve-band-09.jpg 600w, https:\/\/turkulerindili.org\/wp-content\/uploads\/2019\/07\/neve-band-09-300x300.jpg 300w, https:\/\/turkulerindili.org\/wp-content\/uploads\/2019\/07\/neve-band-09-150x150.jpg 150w\" sizes=\"(max-width: 600px) 100vw, 600px\" \/><\/a><\/div><div class=\"o-posts-grid-post-body\"><h3 class=\"o-posts-grid-post-title\"><a href=\"https:\/\/turkulerindili.org\/?p=21\">We are going to Machella Festival<\/a><\/h3><div class=\"o-posts-grid-post-description\"><p>Introduction Readymade godard brooklyn, kogi shoreditch hashtag hella shaman kitsch man bun pinteres\u2026<\/p><\/div><\/div><\/div><\/div><div class=\"o-posts-grid-post-blog o-posts-grid-post-plain\"><div class=\"o-posts-grid-post\"><div class=\"o-posts-grid-post-image\"><a href=\"https:\/\/turkulerindili.org\/?p=20\"><img loading=\"lazy\" decoding=\"async\" width=\"600\" height=\"600\" src=\"https:\/\/turkulerindili.org\/wp-content\/uploads\/2019\/07\/neve-band-08.jpg\" class=\"attachment-full size-full\" alt=\"The Newest Member of The Band: Tony SmARK\" srcset=\"https:\/\/turkulerindili.org\/wp-content\/uploads\/2019\/07\/neve-band-08.jpg 600w, https:\/\/turkulerindili.org\/wp-content\/uploads\/2019\/07\/neve-band-08-300x300.jpg 300w, https:\/\/turkulerindili.org\/wp-content\/uploads\/2019\/07\/neve-band-08-150x150.jpg 150w\" sizes=\"(max-width: 600px) 100vw, 600px\" \/><\/a><\/div><div class=\"o-posts-grid-post-body\"><h3 class=\"o-posts-grid-post-title\"><a href=\"https:\/\/turkulerindili.org\/?p=20\">The Newest Member of The Band: Tony SmARK<\/a><\/h3><div class=\"o-posts-grid-post-description\"><p>Introduction Readymade godard brooklyn, kogi shoreditch hashtag hella shaman kitsch man bun pinteres\u2026<\/p><\/div><\/div><\/div><\/div><\/div> <\/div><\/div>\n<\/div><\/div>\n\n\n\n<div id=\"wp-block-themeisle-blocks-advanced-columns-111780b6\" class=\"wp-block-themeisle-blocks-advanced-columns alignfull has-2-columns has-desktop-equal-layout has-tablet-equal-layout has-mobile-collapsedRows-layout has-vertical-unset\"><div class=\"wp-block-themeisle-blocks-advanced-columns-overlay\"><\/div><div class=\"innerblocks-wrap\">\n<div id=\"wp-block-themeisle-blocks-advanced-column-8930753f\" class=\"wp-block-themeisle-blocks-advanced-column\">\n<figure class=\"wp-block-embed is-type-video is-provider-youtube wp-block-embed-youtube wp-embed-aspect-16-9 wp-has-aspect-ratio\"><div class=\"wp-block-embed__wrapper\">\n<div class=\"nv-iframe-embed\"><iframe loading=\"lazy\" title=\"Emel Halis   I\u0307nanma Sak\u0131n\" width=\"1200\" height=\"675\" src=\"https:\/\/www.youtube.com\/embed\/jlouoh5HLsw?feature=oembed\" frameborder=\"0\" allow=\"accelerometer; autoplay; clipboard-write; encrypted-media; gyroscope; picture-in-picture; web-share\" referrerpolicy=\"strict-origin-when-cross-origin\" allowfullscreen><\/iframe><\/div>\n<\/div><\/figure>\n<\/div>\n\n\n\n<div id=\"wp-block-themeisle-blocks-advanced-column-f399eb17\" class=\"wp-block-themeisle-blocks-advanced-column\">\n<span id=\"wp-block-themeisle-blocks-advanced-heading-c9192ff1\" class=\"wp-block-themeisle-blocks-advanced-heading wp-block-themeisle-blocks-advanced-heading-c9192ff1\"><strong> YEN\u0130 SINGLE<\/strong><\/span>\n\n\n\n<h4 id=\"wp-block-themeisle-blocks-advanced-heading-3027a865\" class=\"wp-block-themeisle-blocks-advanced-heading wp-block-themeisle-blocks-advanced-heading-3027a865\"> &#8220;\u0130nanma sak\u0131n&#8221;<\/h4>\n\n\n\n<p class=\"has-neve-text-color-color has-text-color\">\u201c \u0130nanma Sak\u0131n \u201c YouTube\u2019da Yay\u0131nda !<br><br>Seslendiren: Emel Halis <\/p>\n\n\n\n<p class=\"has-neve-text-color-color has-text-color\">S\u00f6z M\u00fczik : Mustafa \u015e\u00fck\u00fcr Ayc\u0131<br>Aranj\u00f6r \/ M\u00fczik Prod\u00fcksiyon : Samet Akku\u015f<br>Klip : Katre Dijital At\u00f6lye<br>Mekan : Crea Centers<\/p>\n\n\n\n<p class=\"has-neve-text-color-color has-text-color\"><\/p>\n<\/div>\n<\/div><\/div>\n\n\n\n<div id=\"wp-block-themeisle-blocks-advanced-columns-799651b4\" class=\"wp-block-themeisle-blocks-advanced-columns alignfull has-1-columns has-desktop-equal-layout has-tablet-equal-layout has-mobile-equal-layout has-vertical-unset has-light-bg\"><div class=\"wp-block-themeisle-blocks-advanced-columns-overlay\"><\/div><div class=\"innerblocks-wrap\">\n<div id=\"wp-block-themeisle-blocks-advanced-column-faafa242\" class=\"wp-block-themeisle-blocks-advanced-column\">\n<h4 id=\"wp-block-themeisle-blocks-advanced-heading-b760ce3f\" class=\"wp-block-themeisle-blocks-advanced-heading wp-block-themeisle-blocks-advanced-heading-b760ce3f\"> <strong>LIKE OUR TUNES?<\/strong><\/h4>\n\n\n\n<h2 id=\"wp-block-themeisle-blocks-advanced-heading-a917766c\" class=\"wp-block-themeisle-blocks-advanced-heading wp-block-themeisle-blocks-advanced-heading-a917766c\"> FIND OUR MUSIC ONLINE<\/h2>\n<\/div>\n<\/div><\/div>\n\n\n\n<div id=\"wp-block-themeisle-blocks-advanced-columns-f7abb3d7\" class=\"wp-block-themeisle-blocks-advanced-columns alignfull has-4-columns has-desktop-equal-layout has-tablet-equal-layout has-mobile-twoColumnGrid-layout has-vertical-unset has-light-bg\"><div class=\"wp-block-themeisle-blocks-advanced-columns-overlay\"><\/div><div class=\"innerblocks-wrap\">\n<div id=\"wp-block-themeisle-blocks-advanced-column-77d161b2\" class=\"wp-block-themeisle-blocks-advanced-column\">\n<div id=\"wp-block-themeisle-blocks-button-group-27ef6ad7\" class=\"wp-block-themeisle-blocks-button-group wp-block-buttons align-center\">\n<div id=\"wp-block-themeisle-blocks-button-664f0b2d\" class=\"wp-block-themeisle-blocks-button wp-block-button\"><a href=\"#\" target=\"_self\" rel=\"noopener noreferrer\" class=\"wp-block-button__link\"><i class=\"fab fa-fw fa-spotify\"><\/i><\/a><\/div>\n<\/div>\n\n\n\n<h4 id=\"wp-block-themeisle-blocks-advanced-heading-1a7461f5\" class=\"wp-block-themeisle-blocks-advanced-heading wp-block-themeisle-blocks-advanced-heading-1a7461f5\"> SPOTIFY <\/h4>\n<\/div>\n\n\n\n<div id=\"wp-block-themeisle-blocks-advanced-column-0b12bbd6\" class=\"wp-block-themeisle-blocks-advanced-column\">\n<div id=\"wp-block-themeisle-blocks-button-group-c103f41a\" class=\"wp-block-themeisle-blocks-button-group wp-block-buttons align-center\">\n<div id=\"wp-block-themeisle-blocks-button-e8b02e03\" class=\"wp-block-themeisle-blocks-button wp-block-button\"><a href=\"#\" target=\"_self\" rel=\"noopener noreferrer\" class=\"wp-block-button__link\"><i class=\"fab fa-fw fa-bandcamp\"><\/i><\/a><\/div>\n<\/div>\n\n\n\n<h4 id=\"wp-block-themeisle-blocks-advanced-heading-5cdb8928\" class=\"wp-block-themeisle-blocks-advanced-heading wp-block-themeisle-blocks-advanced-heading-5cdb8928\"> BANDCAMP<\/h4>\n<\/div>\n\n\n\n<div id=\"wp-block-themeisle-blocks-advanced-column-7255ee46\" class=\"wp-block-themeisle-blocks-advanced-column\">\n<div id=\"wp-block-themeisle-blocks-button-group-e47dd92c\" class=\"wp-block-themeisle-blocks-button-group wp-block-buttons align-center\">\n<div id=\"wp-block-themeisle-blocks-button-b2dc90c2\" class=\"wp-block-themeisle-blocks-button wp-block-button\"><a href=\"#\" target=\"_self\" rel=\"noopener noreferrer\" class=\"wp-block-button__link\"><i class=\"fab fa-fw fa-soundcloud\"><\/i><\/a><\/div>\n<\/div>\n\n\n\n<h4 id=\"wp-block-themeisle-blocks-advanced-heading-ab7c2118\" class=\"wp-block-themeisle-blocks-advanced-heading wp-block-themeisle-blocks-advanced-heading-ab7c2118\">SOUNDCLOUD<\/h4>\n<\/div>\n\n\n\n<div id=\"wp-block-themeisle-blocks-advanced-column-9cd9c625\" class=\"wp-block-themeisle-blocks-advanced-column\">\n<div id=\"wp-block-themeisle-blocks-button-group-68c2682d\" class=\"wp-block-themeisle-blocks-button-group wp-block-buttons align-center\">\n<div id=\"wp-block-themeisle-blocks-button-44627758\" class=\"wp-block-themeisle-blocks-button wp-block-button\"><a href=\"#\" target=\"_self\" rel=\"noopener noreferrer\" class=\"wp-block-button__link\"><i class=\"fab fa-fw fa-youtube\"><\/i><\/a><\/div>\n<\/div>\n\n\n\n<h4 id=\"wp-block-themeisle-blocks-advanced-heading-99e516c7\" class=\"wp-block-themeisle-blocks-advanced-heading wp-block-themeisle-blocks-advanced-heading-99e516c7\">YOUTUBE MUSIC<\/h4>\n<\/div>\n<\/div><\/div>\n","protected":false},"excerpt":{"rendered":"","protected":false},"author":1,"featured_media":0,"parent":0,"menu_order":0,"comment_status":"closed","ping_status":"closed","template":"page-templates\/template-pagebuilder-full-width.php","meta":{"neve_meta_sidebar":"full-width","neve_meta_container":"contained","neve_meta_enable_content_width":"on","neve_meta_content_width":100,"neve_meta_title_alignment":"","neve_meta_author_avatar":"","neve_post_elements_order":"","neve_meta_disable_header":"","neve_meta_disable_footer":"","neve_meta_disable_title":"","_themeisle_gutenberg_block_has_review":false,"footnotes":""},"class_list":["post-51","page","type-page","status-publish","hentry"],"_links":{"self":[{"href":"https:\/\/turkulerindili.org\/index.php?rest_route=\/wp\/v2\/pages\/51","targetHints":{"allow":["GET"]}}],"collection":[{"href":"https:\/\/turkulerindili.org\/index.php?rest_route=\/wp\/v2\/pages"}],"about":[{"href":"https:\/\/turkulerindili.org\/index.php?rest_route=\/wp\/v2\/types\/page"}],"author":[{"embeddable":true,"href":"https:\/\/turkulerindili.org\/index.php?rest_route=\/wp\/v2\/users\/1"}],"replies":[{"embeddable":true,"href":"https:\/\/turkulerindili.org\/index.php?rest_route=%2Fwp%2Fv2%2Fcomments&post=51"}],"version-history":[{"count":12,"href":"https:\/\/turkulerindili.org\/index.php?rest_route=\/wp\/v2\/pages\/51\/revisions"}],"predecessor-version":[{"id":450,"href":"https:\/\/turkulerindili.org\/index.php?rest_route=\/wp\/v2\/pages\/51\/revisions\/450"}],"wp:attachment":[{"href":"https:\/\/turkulerindili.org\/index.php?rest_route=%2Fwp%2Fv2%2Fmedia&parent=51"}],"curies":[{"name":"wp","href":"https:\/\/api.w.org\/{rel}","templated":true}]}}